{"id":2223,"date":"2024-05-27T09:43:01","date_gmt":"2024-05-27T07:43:01","guid":{"rendered":"https:\/\/www.biolastudio.com\/politica-de-privacidad\/"},"modified":"2024-11-27T12:28:51","modified_gmt":"2024-11-27T11:28:51","slug":"politica-de-privacidad","status":"publish","type":"page","link":"https:\/\/www.biolastudio.com\/es\/politica-de-privacidad\/","title":{"rendered":"Pol\u00edtica de privacidad"},"content":{"rendered":"\t\t<div data-elementor-type=\"wp-page\" data-elementor-id=\"2223\" class=\"elementor elementor-2223 elementor-3\" data-elementor-post-type=\"page\">\n\t\t\t\t\t\t<section class=\"elementor-section elementor-top-section elementor-element elementor-element-0514624 elementor-section-full_width elementor-section-stretched elementor-reverse-tablet elementor-reverse-mobile elementor-section-height-default elementor-section-height-default\" data-id=\"0514624\" data-element_type=\"section\" data-settings=\"{&quot;background_background&quot;:&quot;classic&quot;,&quot;stretch_section&quot;:&quot;section-stretched&quot;}\">\n\t\t\t\t\t\t<div class=\"elementor-container elementor-column-gap-default\">\n\t\t\t\t\t<div class=\"elementor-column elementor-col-100 elementor-top-column elementor-element elementor-element-4d8f41c\" data-id=\"4d8f41c\" data-element_type=\"column\">\n\t\t\t<div class=\"elementor-widget-wrap elementor-element-populated\">\n\t\t\t\t\t\t<div class=\"elementor-element elementor-element-1b2c37e0 elementor-widget elementor-widget-text-editor\" data-id=\"1b2c37e0\" data-element_type=\"widget\" data-widget_type=\"text-editor.default\">\n\t\t\t\t<div class=\"elementor-widget-container\">\n\t\t\t<style>\/*! elementor - v3.21.0 - 08-05-2024 *\/\n.elementor-widget-text-editor.elementor-drop-cap-view-stacked .elementor-drop-cap{background-color:#69727d;color:#fff}.elementor-widget-text-editor.elementor-drop-cap-view-framed .elementor-drop-cap{color:#69727d;border:3px solid;background-color:transparent}.elementor-widget-text-editor:not(.elementor-drop-cap-view-default) .elementor-drop-cap{margin-top:8px}.elementor-widget-text-editor:not(.elementor-drop-cap-view-default) .elementor-drop-cap-letter{width:1em;height:1em}.elementor-widget-text-editor .elementor-drop-cap{float:left;text-align:center;line-height:1;font-size:50px}.elementor-widget-text-editor .elementor-drop-cap-letter{display:inline-block}<\/style>\t\t\t\t<p>El Reglamento <strong>(UE) 2016\/679 de protecci\u00f3n de datos personales<\/strong>, establece un nuevo enfoque en el control y tratamiento de los datos personales. Hemos revisado y adaptado nuestra pol\u00edtica de privacidad a las nuevas exigencias y queremos aportar m\u00e1s informaci\u00f3n y transparencia en relaci\u00f3n al tratamiento de datos personales.<\/p><p>Biola Studio es <strong>es responsable<\/strong> del tratamiento de los datos personales de sus usuarios y clientes, as\u00ed como de los datos que puedan recabarse a trav\u00e9s del sitio web.<br \/><strong>\u00a0<\/strong><br \/>Biola Studio informa a los usuarios del sitio Web sobre su pol\u00edtica respecto del tratamiento y protecci\u00f3n de los datos personales de los usuarios y clientes que puedan obtenerse por la navegaci\u00f3n o contrataci\u00f3n de servicios a trav\u00e9s de su sitio Web.<\/p><p><strong>Finalidad del tratamiento de datos.<\/strong><\/p><p>Sus datos personales se recogen con la finalidad de prestar y mantener los servicios acordados contractualmente as\u00ed como para poder informarle sobre nuevos productos y servicios.<\/p><p>El tratamiento de los datos que nos facilites a trav\u00e9s de los formularios del sitio web www.biolastudio.com, se regir\u00e1 por esta misma pol\u00edtica de privacidad.<\/p><p>Se consideran tratamientos de datos personales las operaciones, gestiones y procedimientos t\u00e9cnicos que se realizan de forma automatizada o no automatizada y que permiten la recogida, almacenamiento, modificaci\u00f3n, transferencia y otras acciones sobre datos personales.<\/p><p>Biola Studio proceder\u00e1 a tratar los datos personales de forma l\u00edcita, leal, transparente, adecuada, pertinente, limitada, exacta y actualizada.<\/p><p><strong>Datos recabados para la prestaci\u00f3n de un servicio<\/strong><\/p><p>Los datos personales que nos proporciones para poder prestarte un servicio ser\u00e1n los m\u00ednimos necesarios para redactar el contrato y ofrecerte los servicios que contrates y cumplir con las obligaciones legales.<\/p><p>Los datos se conservar\u00e1n durante los plazos legalmente establecidos.<\/p><p><strong>Datos recabados para la solicitud de informaci\u00f3n a trav\u00e9s del formulario web.<\/strong><\/p><p>Los datos personales recogidos a trav\u00e9s del formulario web de solicitud de informaci\u00f3n tienen como finalidad el env\u00edo de informaci\u00f3n comercial sobre nuestros productos y servicios.<\/p><p>El tratamiento de los datos en este caso est\u00e1 legitimado por el consentimiento expreso que nos prestas al aceptar enviar la informaci\u00f3n facilitada a trav\u00e9s del formulario.<\/p><p><strong>Ejercicio de derechos<\/strong><\/p><p>De acuerdo con los derechos que le confiere el Reglamento (UE) 2016\/679 sobre protecci\u00f3n de datos personales, podr\u00e1 ejercitar sus derechos de acceso, rectificaci\u00f3n, limitaci\u00f3n de tratamiento, supresi\u00f3n, transferencia y oposici\u00f3n al tratamiento de sus datos enviando su solicitud. a la direcci\u00f3n postal indicada o a la direcci\u00f3n de correo electr\u00f3nico hello@biolastudio.com.<\/p><p>Para ejercer estos derechos deber\u00e1 identificarse presentando su DNI.<\/p><p><strong>Destinatarios<\/strong><\/p><p>Biola Studio informa a los usuarios de que sus datos personales no ser\u00e1n comunicados a terceros, salvo que dicha comunicaci\u00f3n de datos est\u00e9 amparada en una obligaci\u00f3n legal o cuando la prestaci\u00f3n de un servicio implique la necesidad de una relaci\u00f3n contractual con un encargado del tratamiento. En este \u00faltimo caso, los destinatarios de sus datos podr\u00e1n ser empresas del grupo, empresas de solvencia patrimonial (en caso de impago, comunicadas mediante los procedimientos y garant\u00edas que establece la normativa vigente) as\u00ed como determinadas personas. encargado del tratamiento necesario para la correcta prestaci\u00f3n de los servicios.)<\/p><p>Biola Studio mantiene criterios estrictos para la selecci\u00f3n de encargados del tratamiento de datos y se compromete contractualmente con cada uno de ellos a cumplir y hacer cumplir las obligaciones establecidas en materia de protecci\u00f3n de datos.<\/p><p><strong>Variaci\u00f3n de los datos<\/strong><\/p><p>Salvo que nos indiques lo contrario, entenderemos que los datos no han sido modificados y que te comprometes a notificarnos cualquier variaci\u00f3n.<\/p><p>Para cualquier reclamaci\u00f3n puedes contactar con Biola Studio. Tambi\u00e9n puedes contactar con la Agencia Espa\u00f1ola de Protecci\u00f3n de Datos\u00a0<a href=\"https:\/\/www.aepd.es\/\">www.aepd.es<\/a>.<\/p>\t\t\t\t\t\t<\/div>\n\t\t\t\t<\/div>\n\t\t\t\t\t<\/div>\n\t\t<\/div>\n\t\t\t\t\t<\/div>\n\t\t<\/section>\n\t\t\t\t<\/div>\n\t\t","protected":false},"excerpt":{"rendered":"<p>El Reglamento (UE) 2016\/679 de protecci\u00f3n de datos personales, establece un nuevo enfoque en el control y tratamiento de los datos personales. Hemos revisado y adaptado nuestra pol\u00edtica de privacidad a las nuevas exigencias y queremos aportar m\u00e1s informaci\u00f3n y transparencia en relaci\u00f3n al tratamiento de datos personales. Biola Studio es es responsable del tratamiento [&hellip;]<\/p>\n","protected":false},"author":1,"featured_media":0,"parent":0,"menu_order":0,"comment_status":"closed","ping_status":"closed","template":"","meta":{"inline_featured_image":false,"footnotes":""},"yoast_head":"<!-- This site is optimized with the Yoast SEO plugin v23.0 - https:\/\/yoast.com\/wordpress\/plugins\/seo\/ -->\n<title>Pol\u00edtica de privacidad - Biola<\/title>\n<meta name=\"robots\" content=\"noindex, nofollow\" \/>\n<meta property=\"og:locale\" content=\"es_ES\" \/>\n<meta property=\"og:type\" content=\"article\" \/>\n<meta property=\"og:title\" content=\"Pol\u00edtica de privacidad - Biola\" \/>\n<meta property=\"og:description\" content=\"El Reglamento (UE) 2016\/679 de protecci\u00f3n de datos personales, establece un nuevo enfoque en el control y tratamiento de los datos personales. Hemos revisado y adaptado nuestra pol\u00edtica de privacidad a las nuevas exigencias y queremos aportar m\u00e1s informaci\u00f3n y transparencia en relaci\u00f3n al tratamiento de datos personales. Biola Studio es es responsable del tratamiento [&hellip;]\" \/>\n<meta property=\"og:url\" content=\"https:\/\/www.biolastudio.com\/es\/politica-de-privacidad\/\" \/>\n<meta property=\"og:site_name\" content=\"Biola\" \/>\n<meta property=\"article:modified_time\" content=\"2024-11-27T11:28:51+00:00\" \/>\n<meta property=\"og:image\" content=\"https:\/\/www.biolastudio.com\/wp-content\/uploads\/2024\/07\/logo-imagen-1200.jpg\" \/>\n\t<meta property=\"og:image:width\" content=\"1200\" \/>\n\t<meta property=\"og:image:height\" content=\"675\" \/>\n\t<meta property=\"og:image:type\" content=\"image\/jpeg\" \/>\n<meta name=\"twitter:card\" content=\"summary_large_image\" \/>\n<meta name=\"twitter:label1\" content=\"Tiempo de lectura\" \/>\n\t<meta name=\"twitter:data1\" content=\"3 minutos\" \/>\n<script type=\"application\/ld+json\" class=\"yoast-schema-graph\">{\"@context\":\"https:\/\/schema.org\",\"@graph\":[{\"@type\":\"WebPage\",\"@id\":\"https:\/\/www.biolastudio.com\/es\/politica-de-privacidad\/\",\"url\":\"https:\/\/www.biolastudio.com\/es\/politica-de-privacidad\/\",\"name\":\"Pol\u00edtica de privacidad - Biola\",\"isPartOf\":{\"@id\":\"https:\/\/www.biolastudio.com\/#website\"},\"datePublished\":\"2024-05-27T07:43:01+00:00\",\"dateModified\":\"2024-11-27T11:28:51+00:00\",\"breadcrumb\":{\"@id\":\"https:\/\/www.biolastudio.com\/es\/politica-de-privacidad\/#breadcrumb\"},\"inLanguage\":\"es\",\"potentialAction\":[{\"@type\":\"ReadAction\",\"target\":[\"https:\/\/www.biolastudio.com\/es\/politica-de-privacidad\/\"]}]},{\"@type\":\"BreadcrumbList\",\"@id\":\"https:\/\/www.biolastudio.com\/es\/politica-de-privacidad\/#breadcrumb\",\"itemListElement\":[{\"@type\":\"ListItem\",\"position\":1,\"name\":\"Home\",\"item\":\"https:\/\/www.biolastudio.com\/es\/\"},{\"@type\":\"ListItem\",\"position\":2,\"name\":\"Pol\u00edtica de privacidad\"}]},{\"@type\":\"WebSite\",\"@id\":\"https:\/\/www.biolastudio.com\/#website\",\"url\":\"https:\/\/www.biolastudio.com\/\",\"name\":\"Biola Studio\",\"description\":\"Your property, a reflection of your story\",\"publisher\":{\"@id\":\"https:\/\/www.biolastudio.com\/#organization\"},\"potentialAction\":[{\"@type\":\"SearchAction\",\"target\":{\"@type\":\"EntryPoint\",\"urlTemplate\":\"https:\/\/www.biolastudio.com\/?s={search_term_string}\"},\"query-input\":\"required name=search_term_string\"}],\"inLanguage\":\"es\"},{\"@type\":\"Organization\",\"@id\":\"https:\/\/www.biolastudio.com\/#organization\",\"name\":\"Biola Studio\",\"url\":\"https:\/\/www.biolastudio.com\/\",\"logo\":{\"@type\":\"ImageObject\",\"inLanguage\":\"es\",\"@id\":\"https:\/\/www.biolastudio.com\/#\/schema\/logo\/image\/\",\"url\":\"https:\/\/www.biolastudio.com\/wp-content\/uploads\/2024\/07\/logo-imagen-696.jpg\",\"contentUrl\":\"https:\/\/www.biolastudio.com\/wp-content\/uploads\/2024\/07\/logo-imagen-696.jpg\",\"width\":696,\"height\":696,\"caption\":\"Biola Studio\"},\"image\":{\"@id\":\"https:\/\/www.biolastudio.com\/#\/schema\/logo\/image\/\"}}]}<\/script>\n<!-- \/ Yoast SEO plugin. -->","yoast_head_json":{"title":"Pol\u00edtica de privacidad - Biola","robots":{"index":"noindex","follow":"nofollow"},"og_locale":"es_ES","og_type":"article","og_title":"Pol\u00edtica de privacidad - Biola","og_description":"El Reglamento (UE) 2016\/679 de protecci\u00f3n de datos personales, establece un nuevo enfoque en el control y tratamiento de los datos personales. Hemos revisado y adaptado nuestra pol\u00edtica de privacidad a las nuevas exigencias y queremos aportar m\u00e1s informaci\u00f3n y transparencia en relaci\u00f3n al tratamiento de datos personales. Biola Studio es es responsable del tratamiento [&hellip;]","og_url":"https:\/\/www.biolastudio.com\/es\/politica-de-privacidad\/","og_site_name":"Biola","article_modified_time":"2024-11-27T11:28:51+00:00","og_image":[{"width":1200,"height":675,"url":"https:\/\/www.biolastudio.com\/wp-content\/uploads\/2024\/07\/logo-imagen-1200.jpg","type":"image\/jpeg"}],"twitter_card":"summary_large_image","twitter_misc":{"Tiempo de lectura":"3 minutos"},"schema":{"@context":"https:\/\/schema.org","@graph":[{"@type":"WebPage","@id":"https:\/\/www.biolastudio.com\/es\/politica-de-privacidad\/","url":"https:\/\/www.biolastudio.com\/es\/politica-de-privacidad\/","name":"Pol\u00edtica de privacidad - Biola","isPartOf":{"@id":"https:\/\/www.biolastudio.com\/#website"},"datePublished":"2024-05-27T07:43:01+00:00","dateModified":"2024-11-27T11:28:51+00:00","breadcrumb":{"@id":"https:\/\/www.biolastudio.com\/es\/politica-de-privacidad\/#breadcrumb"},"inLanguage":"es","potentialAction":[{"@type":"ReadAction","target":["https:\/\/www.biolastudio.com\/es\/politica-de-privacidad\/"]}]},{"@type":"BreadcrumbList","@id":"https:\/\/www.biolastudio.com\/es\/politica-de-privacidad\/#breadcrumb","itemListElement":[{"@type":"ListItem","position":1,"name":"Home","item":"https:\/\/www.biolastudio.com\/es\/"},{"@type":"ListItem","position":2,"name":"Pol\u00edtica de privacidad"}]},{"@type":"WebSite","@id":"https:\/\/www.biolastudio.com\/#website","url":"https:\/\/www.biolastudio.com\/","name":"Biola Studio","description":"Your property, a reflection of your story","publisher":{"@id":"https:\/\/www.biolastudio.com\/#organization"},"potentialAction":[{"@type":"SearchAction","target":{"@type":"EntryPoint","urlTemplate":"https:\/\/www.biolastudio.com\/?s={search_term_string}"},"query-input":"required name=search_term_string"}],"inLanguage":"es"},{"@type":"Organization","@id":"https:\/\/www.biolastudio.com\/#organization","name":"Biola Studio","url":"https:\/\/www.biolastudio.com\/","logo":{"@type":"ImageObject","inLanguage":"es","@id":"https:\/\/www.biolastudio.com\/#\/schema\/logo\/image\/","url":"https:\/\/www.biolastudio.com\/wp-content\/uploads\/2024\/07\/logo-imagen-696.jpg","contentUrl":"https:\/\/www.biolastudio.com\/wp-content\/uploads\/2024\/07\/logo-imagen-696.jpg","width":696,"height":696,"caption":"Biola Studio"},"image":{"@id":"https:\/\/www.biolastudio.com\/#\/schema\/logo\/image\/"}}]}},"_links":{"self":[{"href":"https:\/\/www.biolastudio.com\/es\/wp-json\/wp\/v2\/pages\/2223"}],"collection":[{"href":"https:\/\/www.biolastudio.com\/es\/wp-json\/wp\/v2\/pages"}],"about":[{"href":"https:\/\/www.biolastudio.com\/es\/wp-json\/wp\/v2\/types\/page"}],"author":[{"embeddable":true,"href":"https:\/\/www.biolastudio.com\/es\/wp-json\/wp\/v2\/users\/1"}],"replies":[{"embeddable":true,"href":"https:\/\/www.biolastudio.com\/es\/wp-json\/wp\/v2\/comments?post=2223"}],"version-history":[{"count":4,"href":"https:\/\/www.biolastudio.com\/es\/wp-json\/wp\/v2\/pages\/2223\/revisions"}],"predecessor-version":[{"id":2283,"href":"https:\/\/www.biolastudio.com\/es\/wp-json\/wp\/v2\/pages\/2223\/revisions\/2283"}],"wp:attachment":[{"href":"https:\/\/www.biolastudio.com\/es\/wp-json\/wp\/v2\/media?parent=2223"}],"curies":[{"name":"wp","href":"https:\/\/api.w.org\/{rel}","templated":true}]}}